{"id":1729,"date":"2024-10-29T17:01:58","date_gmt":"2024-10-29T17:01:58","guid":{"rendered":"https:\/\/utopia-consult.com\/?page_id=1729"},"modified":"2024-11-04T18:53:18","modified_gmt":"2024-11-04T18:53:18","slug":"agile-coaching","status":"publish","type":"page","link":"https:\/\/utopia-consult.com\/en\/agile-coaching\/","title":{"rendered":"Agile Coaching"},"content":{"rendered":"<div data-elementor-type=\"wp-page\" data-elementor-id=\"1729\" class=\"elementor elementor-1729\">\n\t\t\t\t<div class=\"elementor-element elementor-element-d3963ba e-con-full e-flex e-con e-parent\" data-id=\"d3963ba\" data-element_type=\"container\" data-e-type=\"container\" data-settings=\"{&quot;background_background&quot;:&quot;classic&quot;}\">\n\t\t\t\t<div class=\"elementor-element elementor-element-eec8317 elementor-invisible elementor-widget elementor-widget-heading\" data-id=\"eec8317\" data-element_type=\"widget\" data-e-type=\"widget\" data-settings=\"{&quot;_animation&quot;:&quot;fadeInUp&quot;}\" data-widget_type=\"heading.default\">\n\t\t\t\t<div class=\"elementor-widget-container\">\n\t\t\t\t\t<h1 class=\"elementor-heading-title elementor-size-default\">AGILE COACHING<\/h1>\t\t\t\t<\/div>\n\t\t\t\t<\/div>\n\t\t\t\t<div class=\"elementor-element elementor-element-5031020 elementor-widget-divider--view-line elementor-invisible elementor-widget elementor-widget-divider\" data-id=\"5031020\" data-element_type=\"widget\" data-e-type=\"widget\" data-settings=\"{&quot;_animation&quot;:&quot;fadeInUp&quot;}\" data-widget_type=\"divider.default\">\n\t\t\t\t<div class=\"elementor-widget-container\">\n\t\t\t\t\t\t\t<div class=\"elementor-divider\">\n\t\t\t<span class=\"elementor-divider-separator\">\n\t\t\t\t\t\t<\/span>\n\t\t<\/div>\n\t\t\t\t\t\t<\/div>\n\t\t\t\t<\/div>\n\t\t\t\t<\/div>\n\t\t<div class=\"elementor-element elementor-element-154fd45 e-con-full e-flex e-con e-parent\" data-id=\"154fd45\" data-element_type=\"container\" data-e-type=\"container\" data-settings=\"{&quot;background_background&quot;:&quot;classic&quot;}\">\n\t\t<div class=\"elementor-element elementor-element-6b30ab9 e-con-full e-flex elementor-invisible e-con e-child\" data-id=\"6b30ab9\" data-element_type=\"container\" data-e-type=\"container\" data-settings=\"{&quot;animation&quot;:&quot;fadeInUp&quot;}\">\n\t\t\t\t<div class=\"elementor-element elementor-element-a41f38a elementor-widget elementor-widget-image\" data-id=\"a41f38a\" data-element_type=\"widget\" data-e-type=\"widget\" data-widget_type=\"image.default\">\n\t\t\t\t<div class=\"elementor-widget-container\">\n\t\t\t\t\t\t\t\t\t\t\t\t\t\t\t<img fetchpriority=\"high\" decoding=\"async\" width=\"1024\" height=\"575\" src=\"https:\/\/utopia-consult.com\/wp-content\/uploads\/2024\/11\/Bildschirmfoto-2024-11-02-um-14.55.11-e1730577138377-1024x575.webp\" class=\"attachment-large size-large wp-image-2130\" alt=\"\" srcset=\"https:\/\/utopia-consult.com\/wp-content\/uploads\/2024\/11\/Bildschirmfoto-2024-11-02-um-14.55.11-e1730577138377-1024x575.webp 1024w, https:\/\/utopia-consult.com\/wp-content\/uploads\/2024\/11\/Bildschirmfoto-2024-11-02-um-14.55.11-e1730577138377-300x168.webp 300w, https:\/\/utopia-consult.com\/wp-content\/uploads\/2024\/11\/Bildschirmfoto-2024-11-02-um-14.55.11-e1730577138377-768x431.webp 768w, https:\/\/utopia-consult.com\/wp-content\/uploads\/2024\/11\/Bildschirmfoto-2024-11-02-um-14.55.11-e1730577138377-1536x862.webp 1536w, https:\/\/utopia-consult.com\/wp-content\/uploads\/2024\/11\/Bildschirmfoto-2024-11-02-um-14.55.11-e1730577138377-18x10.webp 18w, https:\/\/utopia-consult.com\/wp-content\/uploads\/2024\/11\/Bildschirmfoto-2024-11-02-um-14.55.11-e1730577138377.webp 1920w\" sizes=\"(max-width: 1024px) 100vw, 1024px\" \/>\t\t\t\t\t\t\t\t\t\t\t\t\t\t\t<\/div>\n\t\t\t\t<\/div>\n\t\t\t\t<\/div>\n\t\t<div class=\"elementor-element elementor-element-9c6b6c0 e-con-full e-flex elementor-invisible e-con e-child\" data-id=\"9c6b6c0\" data-element_type=\"container\" data-e-type=\"container\" data-settings=\"{&quot;animation&quot;:&quot;fadeInUp&quot;}\">\n\t\t\t\t<div class=\"elementor-element elementor-element-d39f185 elementor-widget elementor-widget-text-editor\" data-id=\"d39f185\" data-element_type=\"widget\" data-e-type=\"widget\" data-widget_type=\"text-editor.default\">\n\t\t\t\t<div class=\"elementor-widget-container\">\n\t\t\t\t\t\t\t\t\t<h5><span style=\"color: #ff0000;\"><span class=\"Apple-converted-space\">\u00a0<\/span><b>\u201eAgilit\u00e4t mit Weitsicht: Der richtige Einsatz an den richtigen Stellen.\u201c<\/b><\/span><\/h5><h3><span style=\"color: #ffffff;\">Agilit\u00e4t ist kein Selbstzweck und eignet sich nicht f\u00fcr jedes Unternehmen und jeden Bereich. Ich lege gro\u00dfen Wert darauf, Agilit\u00e4t nur dort einzusetzen, wo sie wirklich passt.\u00a0<\/span><\/h3><h3>\u00a0<\/h3>\t\t\t\t\t\t\t\t<\/div>\n\t\t\t\t<\/div>\n\t\t\t\t<\/div>\n\t\t\t\t<\/div>\n\t\t<div class=\"elementor-element elementor-element-b26e4c8 e-con-full e-flex e-con e-parent\" data-id=\"b26e4c8\" data-element_type=\"container\" data-e-type=\"container\" data-settings=\"{&quot;background_background&quot;:&quot;classic&quot;}\">\n\t\t<div class=\"elementor-element elementor-element-2f49eb1 e-con-full e-flex elementor-invisible e-con e-child\" data-id=\"2f49eb1\" data-element_type=\"container\" data-e-type=\"container\" data-settings=\"{&quot;background_background&quot;:&quot;classic&quot;,&quot;animation&quot;:&quot;fadeInUp&quot;}\">\n\t\t<div class=\"elementor-element elementor-element-0bd278b e-con-full e-flex e-con e-child\" data-id=\"0bd278b\" data-element_type=\"container\" data-e-type=\"container\">\n\t\t\t\t<div class=\"elementor-element elementor-element-6a30aa1 elementor-widget elementor-widget-heading\" data-id=\"6a30aa1\" data-element_type=\"widget\" data-e-type=\"widget\" data-widget_type=\"heading.default\">\n\t\t\t\t<div class=\"elementor-widget-container\">\n\t\t\t\t\t<h1 class=\"elementor-heading-title elementor-size-default\">\"<\/h1>\t\t\t\t<\/div>\n\t\t\t\t<\/div>\n\t\t\t\t<\/div>\n\t\t<div class=\"elementor-element elementor-element-89cf509 e-con-full e-flex e-con e-child\" data-id=\"89cf509\" data-element_type=\"container\" data-e-type=\"container\">\n\t\t\t\t<div class=\"elementor-element elementor-element-fb3a226 elementor-widget elementor-widget-heading\" data-id=\"fb3a226\" data-element_type=\"widget\" data-e-type=\"widget\" data-widget_type=\"heading.default\">\n\t\t\t\t<div class=\"elementor-widget-container\">\n\t\t\t\t\t<h2 class=\"elementor-heading-title elementor-size-default\">\"Change isn't a one-time event; it's a muscle you build.\"\n<\/h2>\t\t\t\t<\/div>\n\t\t\t\t<\/div>\n\t\t\t\t<div class=\"elementor-element elementor-element-ca8520e elementor-widget elementor-widget-text-editor\" data-id=\"ca8520e\" data-element_type=\"widget\" data-e-type=\"widget\" data-widget_type=\"text-editor.default\">\n\t\t\t\t<div class=\"elementor-widget-container\">\n\t\t\t\t\t\t\t\t\t<p><em>Change is about creating lasting capacity within the organization, making it stronger with each effort.<\/em><\/p><p>Caroline Heusinger<\/p>\t\t\t\t\t\t\t\t<\/div>\n\t\t\t\t<\/div>\n\t\t\t\t<\/div>\n\t\t\t\t<\/div>\n\t\t\t\t<\/div>\n\t\t<div class=\"elementor-element elementor-element-881af9b e-con-full e-flex e-con e-parent\" data-id=\"881af9b\" data-element_type=\"container\" data-e-type=\"container\" data-settings=\"{&quot;background_background&quot;:&quot;classic&quot;}\">\n\t\t<div class=\"elementor-element elementor-element-0d27f95 e-con-full e-flex elementor-invisible e-con e-child\" data-id=\"0d27f95\" data-element_type=\"container\" data-e-type=\"container\" data-settings=\"{&quot;animation&quot;:&quot;fadeInUp&quot;}\">\n\t\t\t\t<div class=\"elementor-element elementor-element-cd6ce6a elementor-widget elementor-widget-text-editor\" data-id=\"cd6ce6a\" data-element_type=\"widget\" data-e-type=\"widget\" data-widget_type=\"text-editor.default\">\n\t\t\t\t<div class=\"elementor-widget-container\">\n\t\t\t\t\t\t\t\t\t<h3><span style=\"color: #ffffff;\">Wie wir es machen<\/span><\/h3>\t\t\t\t\t\t\t\t<\/div>\n\t\t\t\t<\/div>\n\t\t\t\t<\/div>\n\t\t<div class=\"elementor-element elementor-element-0678871 e-con-full e-flex elementor-invisible e-con e-child\" data-id=\"0678871\" data-element_type=\"container\" data-e-type=\"container\" data-settings=\"{&quot;animation&quot;:&quot;fadeInUp&quot;}\">\n\t\t\t\t<div class=\"elementor-element elementor-element-a87abb0 elementor-widget elementor-widget-text-editor\" data-id=\"a87abb0\" data-element_type=\"widget\" data-e-type=\"widget\" data-widget_type=\"text-editor.default\">\n\t\t\t\t<div class=\"elementor-widget-container\">\n\t\t\t\t\t\t\t\t\t<ul>\n<li>\n<h5><span style=\"color: #ffffff;\"><b>Agilit\u00e4t als Struktur: Ma\u00dfgeschneiderte Modelle statt starrer Frameworks. <\/b><span style=\"font-weight: normal;\">Meine Beratungsphilosophie fokussiert sich darauf, individuelle Modelle der agilen Zusammenarbeit zu entwickeln, die passgenau auf Ihr Unternehmen zugeschnitten sind. Jedes Team ben\u00f6tigt seinen eigenen Ansatz, um den optimalen Nutzen aus agilen Methoden zu ziehen, ohne dabei die urspr\u00fcnglichen Prinzipien zu verw\u00e4ssern.<\/span><\/span><\/h5>\n<\/li>\n<li>\n<h5><span style=\"color: #ffffff;\"><b>Agile <\/b><b>Transformation: Keine Blaupause, sondern ein individueller Weg. <\/b><span style=\"font-weight: normal;\">Die Einf\u00fchrung von Agilit\u00e4t ist weit mehr als das blo\u00dfe Anwenden eines Frameworks. Sie erfordert eine sorgf\u00e4ltige Analyse und Anpassung an die spezifischen Bed\u00fcrfnisse des Unternehmens. Ich unterst\u00fctze dabei, Agilit\u00e4t genau dort zu etablieren, wo sie sinnvoll ist \u2013 und warne davor, sie als universelle L\u00f6sung zu sehen. Nicht jedes Team und jede Branche ben\u00f6tigt dieselben Methoden, sondern eine ma\u00dfgeschneiderte Herangehensweise, um langfristig erfolgreich zu sein.<\/span><\/span><span style=\"color: #ffffff; font-weight: normal; font-size: 16px; font-style: inherit; text-align: var(--text-align);\">&nbsp;<\/span><\/h5>\n<\/li>\n<li>\n<h5><span style=\"color: #ffffff;\"><b>Branchen\u00fcbergreifende Agilit\u00e4t: Menschen bleiben Menschen. <\/b><span style=\"font-weight: normal;\">In meiner Arbeit habe ich festgestellt, dass der Erfolg nicht von der Branche abh\u00e4ngt \u2013 Menschen ticken \u00fcberall gleich. Ob in der Industrie, im Dienstleistungssektor oder der Softwareentwicklung \u2013 Agilit\u00e4t funktioniert, wenn die Bed\u00fcrfnisse der Menschen und die kulturellen Gegebenheiten ber\u00fccksichtigt werden.<\/span><\/span><\/h5>\n<\/li>\n<li>\n<h5><span style=\"color: #ffffff;\"><b>Vorurteile aufl\u00f6sen: Agilit\u00e4t ist mehr als bunte Zettel an der Wand. <\/b><span style=\"font-weight: normal;\">Agilit\u00e4t wird oft falsch verstanden \u2013 viele assoziieren sie mit Chaos und Oberfl\u00e4chlichkeit. Doch Agilit\u00e4t bedeutet klare Strukturen und gezielte F\u00fchrung. Eines der gr\u00f6\u00dften Hindernisse in der Einf\u00fchrung agiler Methoden sind tief verankerte Vorurteile und missverstandene Ans\u00e4tze. Ich unterst\u00fctze dabei, diese Missverst\u00e4ndnisse aufzul\u00f6sen und Agilit\u00e4t richtig zu verankern \u2013 mit echtem Mehrwert f\u00fcr Teams und Unternehmen, die bereit sind, alte Denkmuster hinter sich zu lassen.<\/span><\/span><\/h5>\n<\/li>\n<\/ul>\t\t\t\t\t\t\t\t<\/div>\n\t\t\t\t<\/div>\n\t\t\t\t<\/div>\n\t\t\t\t<\/div>\n\t\t\t\t<\/div>","protected":false},"excerpt":{"rendered":"<p>AGILE COACHING \u00a0\u201eAgilit\u00e4t mit Weitsicht: Der richtige Einsatz an den richtigen Stellen.\u201c Agilit\u00e4t ist kein Selbstzweck und eignet sich nicht f\u00fcr jedes Unternehmen und jeden Bereich. Ich lege gro\u00dfen Wert darauf, Agilit\u00e4t nur dort einzusetzen, wo sie wirklich passt.\u00a0 \u00a0 &#8222; &#8222;Change isn&#8217;t a one-time event; it&#8217;s a muscle you build.&#8220; Change is about creating [&hellip;]<\/p>\n","protected":false},"author":1,"featured_media":0,"parent":0,"menu_order":0,"comment_status":"closed","ping_status":"closed","template":"","meta":{"site-sidebar-layout":"no-sidebar","site-content-layout":"page-builder","ast-site-content-layout":"full-width-container","site-content-style":"default","site-sidebar-style":"default","ast-global-header-display":"","ast-banner-title-visibility":"","ast-main-header-display":"","ast-hfb-above-header-display":"","ast-hfb-below-header-display":"","ast-hfb-mobile-header-display":"","site-post-title":"disabled","ast-breadcrumbs-content":"","ast-featured-img":"disabled","footer-sml-layout":"","ast-disable-related-posts":"","theme-transparent-header-meta":"","adv-header-id-meta":"","stick-header-meta":"","header-above-stick-meta":"","header-main-stick-meta":"","header-below-stick-meta":"","astra-migrate-meta-layouts":"set","ast-page-background-enabled":"default","ast-page-background-meta":{"desktop":{"background-color":"","background-image":"","background-repeat":"repeat","background-position":"center center","background-size":"auto","background-attachment":"scroll","background-type":"","background-media":"","overlay-type":"","overlay-color":"","overlay-opacity":"","overlay-gradient":""},"tablet":{"background-color":"","background-image":"","background-repeat":"repeat","background-position":"center center","background-size":"auto","background-attachment":"scroll","background-type":"","background-media":"","overlay-type":"","overlay-color":"","overlay-opacity":"","overlay-gradient":""},"mobile":{"background-color":"","background-image":"","background-repeat":"repeat","background-position":"center center","background-size":"auto","background-attachment":"scroll","background-type":"","background-media":"","overlay-type":"","overlay-color":"","overlay-opacity":"","overlay-gradient":""}},"ast-content-background-meta":{"desktop":{"background-color":"var(--ast-global-color-5)","background-image":"","background-repeat":"repeat","background-position":"center center","background-size":"auto","background-attachment":"scroll","background-type":"","background-media":"","overlay-type":"","overlay-color":"","overlay-opacity":"","overlay-gradient":""},"tablet":{"background-color":"var(--ast-global-color-5)","background-image":"","background-repeat":"repeat","background-position":"center center","background-size":"auto","background-attachment":"scroll","background-type":"","background-media":"","overlay-type":"","overlay-color":"","overlay-opacity":"","overlay-gradient":""},"mobile":{"background-color":"var(--ast-global-color-5)","background-image":"","background-repeat":"repeat","background-position":"center center","background-size":"auto","background-attachment":"scroll","background-type":"","background-media":"","overlay-type":"","overlay-color":"","overlay-opacity":"","overlay-gradient":""}},"footnotes":""},"class_list":["post-1729","page","type-page","status-publish","hentry"],"_links":{"self":[{"href":"https:\/\/utopia-consult.com\/en\/wp-json\/wp\/v2\/pages\/1729","targetHints":{"allow":["GET"]}}],"collection":[{"href":"https:\/\/utopia-consult.com\/en\/wp-json\/wp\/v2\/pages"}],"about":[{"href":"https:\/\/utopia-consult.com\/en\/wp-json\/wp\/v2\/types\/page"}],"author":[{"embeddable":true,"href":"https:\/\/utopia-consult.com\/en\/wp-json\/wp\/v2\/users\/1"}],"replies":[{"embeddable":true,"href":"https:\/\/utopia-consult.com\/en\/wp-json\/wp\/v2\/comments?post=1729"}],"version-history":[{"count":58,"href":"https:\/\/utopia-consult.com\/en\/wp-json\/wp\/v2\/pages\/1729\/revisions"}],"predecessor-version":[{"id":2684,"href":"https:\/\/utopia-consult.com\/en\/wp-json\/wp\/v2\/pages\/1729\/revisions\/2684"}],"wp:attachment":[{"href":"https:\/\/utopia-consult.com\/en\/wp-json\/wp\/v2\/media?parent=1729"}],"curies":[{"name":"wp","href":"https:\/\/api.w.org\/{rel}","templated":true}]}}