{"id":1724,"date":"2024-10-29T17:01:23","date_gmt":"2024-10-29T17:01:23","guid":{"rendered":"https:\/\/utopia-consult.com\/?page_id=1724"},"modified":"2024-11-02T20:16:18","modified_gmt":"2024-11-02T20:16:18","slug":"ai-consulting","status":"publish","type":"page","link":"https:\/\/utopia-consult.com\/en\/ai-consulting\/","title":{"rendered":"AI Consulting"},"content":{"rendered":"<div data-elementor-type=\"wp-page\" data-elementor-id=\"1724\" class=\"elementor elementor-1724\">\n\t\t\t\t<div class=\"elementor-element elementor-element-09397fb e-con-full e-flex e-con e-parent\" data-id=\"09397fb\" data-element_type=\"container\" data-e-type=\"container\" data-settings=\"{&quot;background_background&quot;:&quot;classic&quot;}\">\n\t\t\t\t<div class=\"elementor-element elementor-element-8cdfb11 elementor-invisible elementor-widget elementor-widget-heading\" data-id=\"8cdfb11\" data-element_type=\"widget\" data-e-type=\"widget\" data-settings=\"{&quot;_animation&quot;:&quot;fadeInUp&quot;}\" data-widget_type=\"heading.default\">\n\t\t\t\t<div class=\"elementor-widget-container\">\n\t\t\t\t\t<h1 class=\"elementor-heading-title elementor-size-default\">AI CONSULTING<\/h1>\t\t\t\t<\/div>\n\t\t\t\t<\/div>\n\t\t\t\t<div class=\"elementor-element elementor-element-7f51250 elementor-widget-divider--view-line elementor-invisible elementor-widget elementor-widget-divider\" data-id=\"7f51250\" data-element_type=\"widget\" data-e-type=\"widget\" data-settings=\"{&quot;_animation&quot;:&quot;fadeInUp&quot;}\" data-widget_type=\"divider.default\">\n\t\t\t\t<div class=\"elementor-widget-container\">\n\t\t\t\t\t\t\t<div class=\"elementor-divider\">\n\t\t\t<span class=\"elementor-divider-separator\">\n\t\t\t\t\t\t<\/span>\n\t\t<\/div>\n\t\t\t\t\t\t<\/div>\n\t\t\t\t<\/div>\n\t\t\t\t<\/div>\n\t\t<div class=\"elementor-element elementor-element-c2d86aa e-con-full e-flex e-con e-parent\" data-id=\"c2d86aa\" data-element_type=\"container\" data-e-type=\"container\" data-settings=\"{&quot;background_background&quot;:&quot;classic&quot;}\">\n\t\t<div class=\"elementor-element elementor-element-0fb2636 e-con-full e-flex elementor-invisible e-con e-child\" data-id=\"0fb2636\" data-element_type=\"container\" data-e-type=\"container\" data-settings=\"{&quot;animation&quot;:&quot;fadeInUp&quot;}\">\n\t\t\t\t<div class=\"elementor-element elementor-element-1f81da5 elementor-widget elementor-widget-image\" data-id=\"1f81da5\" data-element_type=\"widget\" data-e-type=\"widget\" data-widget_type=\"image.default\">\n\t\t\t\t<div class=\"elementor-widget-container\">\n\t\t\t\t\t\t\t\t\t\t\t\t\t\t\t<img fetchpriority=\"high\" decoding=\"async\" width=\"1024\" height=\"577\" src=\"https:\/\/utopia-consult.com\/wp-content\/uploads\/2024\/10\/Bildschirmfoto-2024-10-29-um-11.47.28-1-e1730285958779-1024x577.webp\" class=\"attachment-large size-large wp-image-1679\" alt=\"\" srcset=\"https:\/\/utopia-consult.com\/wp-content\/uploads\/2024\/10\/Bildschirmfoto-2024-10-29-um-11.47.28-1-e1730285958779-1024x577.webp 1024w, https:\/\/utopia-consult.com\/wp-content\/uploads\/2024\/10\/Bildschirmfoto-2024-10-29-um-11.47.28-1-e1730285958779-300x169.webp 300w, https:\/\/utopia-consult.com\/wp-content\/uploads\/2024\/10\/Bildschirmfoto-2024-10-29-um-11.47.28-1-e1730285958779-768x432.webp 768w, https:\/\/utopia-consult.com\/wp-content\/uploads\/2024\/10\/Bildschirmfoto-2024-10-29-um-11.47.28-1-e1730285958779-1536x865.webp 1536w, https:\/\/utopia-consult.com\/wp-content\/uploads\/2024\/10\/Bildschirmfoto-2024-10-29-um-11.47.28-1-e1730285958779-18x10.webp 18w, https:\/\/utopia-consult.com\/wp-content\/uploads\/2024\/10\/Bildschirmfoto-2024-10-29-um-11.47.28-1-e1730285958779.webp 1920w\" sizes=\"(max-width: 1024px) 100vw, 1024px\" \/>\t\t\t\t\t\t\t\t\t\t\t\t\t\t\t<\/div>\n\t\t\t\t<\/div>\n\t\t\t\t<\/div>\n\t\t<div class=\"elementor-element elementor-element-00ee4d2 e-con-full e-flex elementor-invisible e-con e-child\" data-id=\"00ee4d2\" data-element_type=\"container\" data-e-type=\"container\" data-settings=\"{&quot;animation&quot;:&quot;fadeInUp&quot;}\">\n\t\t\t\t<div class=\"elementor-element elementor-element-7b40da5 elementor-widget elementor-widget-text-editor\" data-id=\"7b40da5\" data-element_type=\"widget\" data-e-type=\"widget\" data-widget_type=\"text-editor.default\">\n\t\t\t\t<div class=\"elementor-widget-container\">\n\t\t\t\t\t\t\t\t\t<h5><span style=\"color: #ff0000;\"><b>Effizienter, schneller, erfolgreicher: Mit KI den entscheidenden Vorsprung sichern<\/b><\/span><\/h5><h3><span style=\"color: #ffffff;\">Die Integration von KI f\u00fchrt zu schnelleren Entscheidungen und effizienteren Prozessen, doch nur durch eine klare Begleitung wird dieser Fortschritt auch menschlich tragbar und langfristig wertvoll.<\/span><\/h3>\t\t\t\t\t\t\t\t<\/div>\n\t\t\t\t<\/div>\n\t\t\t\t<\/div>\n\t\t\t\t<\/div>\n\t\t<div class=\"elementor-element elementor-element-d46d947 e-con-full e-flex e-con e-parent\" data-id=\"d46d947\" data-element_type=\"container\" data-e-type=\"container\" data-settings=\"{&quot;background_background&quot;:&quot;classic&quot;}\">\n\t\t<div class=\"elementor-element elementor-element-e0dc23f e-con-full e-flex elementor-invisible e-con e-child\" data-id=\"e0dc23f\" data-element_type=\"container\" data-e-type=\"container\" data-settings=\"{&quot;background_background&quot;:&quot;classic&quot;,&quot;animation&quot;:&quot;fadeInUp&quot;}\">\n\t\t<div class=\"elementor-element elementor-element-265ed6a e-con-full e-flex e-con e-child\" data-id=\"265ed6a\" data-element_type=\"container\" data-e-type=\"container\">\n\t\t\t\t<div class=\"elementor-element elementor-element-3b8f802 elementor-widget elementor-widget-heading\" data-id=\"3b8f802\" data-element_type=\"widget\" data-e-type=\"widget\" data-widget_type=\"heading.default\">\n\t\t\t\t<div class=\"elementor-widget-container\">\n\t\t\t\t\t<h1 class=\"elementor-heading-title elementor-size-default\">\"<\/h1>\t\t\t\t<\/div>\n\t\t\t\t<\/div>\n\t\t\t\t<\/div>\n\t\t<div class=\"elementor-element elementor-element-9648f2e e-con-full e-flex e-con e-child\" data-id=\"9648f2e\" data-element_type=\"container\" data-e-type=\"container\">\n\t\t\t\t<div class=\"elementor-element elementor-element-258d606 elementor-widget elementor-widget-heading\" data-id=\"258d606\" data-element_type=\"widget\" data-e-type=\"widget\" data-widget_type=\"heading.default\">\n\t\t\t\t<div class=\"elementor-widget-container\">\n\t\t\t\t\t<h2 class=\"elementor-heading-title elementor-size-default\">\"Proof beats persuasion: Show that change works.\"<\/h2>\t\t\t\t<\/div>\n\t\t\t\t<\/div>\n\t\t\t\t<div class=\"elementor-element elementor-element-0277d8a elementor-widget elementor-widget-text-editor\" data-id=\"0277d8a\" data-element_type=\"widget\" data-e-type=\"widget\" data-widget_type=\"text-editor.default\">\n\t\t\t\t<div class=\"elementor-widget-container\">\n\t\t\t\t\t\t\t\t\t<p><em>Change should be continuous, positioning your organization to adapt and thrive long-term.<\/em><\/p><p>Caroline Heusinger<\/p>\t\t\t\t\t\t\t\t<\/div>\n\t\t\t\t<\/div>\n\t\t\t\t<\/div>\n\t\t\t\t<\/div>\n\t\t\t\t<\/div>\n\t\t<div class=\"elementor-element elementor-element-b586c43 e-con-full e-flex e-con e-parent\" data-id=\"b586c43\" data-element_type=\"container\" data-e-type=\"container\" data-settings=\"{&quot;background_background&quot;:&quot;classic&quot;}\">\n\t\t<div class=\"elementor-element elementor-element-ae84579 e-con-full e-flex elementor-invisible e-con e-child\" data-id=\"ae84579\" data-element_type=\"container\" data-e-type=\"container\" data-settings=\"{&quot;animation&quot;:&quot;fadeInUp&quot;}\">\n\t\t\t\t<div class=\"elementor-element elementor-element-06c471f elementor-widget elementor-widget-text-editor\" data-id=\"06c471f\" data-element_type=\"widget\" data-e-type=\"widget\" data-widget_type=\"text-editor.default\">\n\t\t\t\t<div class=\"elementor-widget-container\">\n\t\t\t\t\t\t\t\t\t<h3><span style=\"color: #ffffff;\">Wie wir es machen<\/span><\/h3>\t\t\t\t\t\t\t\t<\/div>\n\t\t\t\t<\/div>\n\t\t\t\t<\/div>\n\t\t<div class=\"elementor-element elementor-element-d424f1f e-con-full e-flex elementor-invisible e-con e-child\" data-id=\"d424f1f\" data-element_type=\"container\" data-e-type=\"container\" data-settings=\"{&quot;animation&quot;:&quot;fadeInUp&quot;}\">\n\t\t\t\t<div class=\"elementor-element elementor-element-9e8fbae elementor-widget elementor-widget-text-editor\" data-id=\"9e8fbae\" data-element_type=\"widget\" data-e-type=\"widget\" data-widget_type=\"text-editor.default\">\n\t\t\t\t<div class=\"elementor-widget-container\">\n\t\t\t\t\t\t\t\t\t<ul>\n<li>\n<h5><span style=\"color: #003300;\"><span style=\"font-weight: bold; color: #ffffff;\">Wettbewerbsvorteil durch KI: Jetzt die Weichen stellen, um morgen vorne zu sein.<\/span>&nbsp;<span style=\"color: #ffffff;\"><span style=\"font-weight: normal;\">Unternehmen, die KI fr\u00fchzeitig und gezielt in ihre Prozesse integrieren, schaffen Raum f\u00fcr Innovation und Effizienz. Es geht darum, Mitarbeitende auf diese Reise mitzunehmen und die Chancen f\u00fcr alle Beteiligten zug\u00e4nglich zu machen<\/span>.<\/span><\/span><\/h5>\n<div><span style=\"color: #003300;\"><span style=\"color: #ffffff;\">&nbsp;<\/span><\/span><\/div>\n<\/li>\n<li>\n<h5><b><span style=\"color: #ffffff;\">Erfolg mit KI erfordert mehr als Technik \u2013 es braucht das richtige Feingef\u00fchl f\u00fcr Wandel.<\/span> <\/b><span style=\"color: #ffffff;\"><span style=\"font-weight: normal;\">Technologische<\/span> <span style=\"font-weight: normal;\">Innovationen wie KI sind nur dann erfolgreich, wenn die Menschen im Unternehmen die Ver\u00e4nderungen verstehen und mitgestalten k\u00f6nnen. Der Schl\u00fcssel liegt in einer empathischen Begleitung des Wandels.<\/span><\/span><\/h5>\n<div><span style=\"color: #ffffff;\"><span style=\"font-weight: normal;\">&nbsp;<\/span><\/span><\/div>\n<\/li>\n<li>\n<h5><span style=\"color: #ffffff;\">Die Kunst der Transformation: Stakeholder von Anfang an mitnehmen und Change nachhaltig gestalten<b>. <\/b><\/span><span style=\"color: #ffffff; font-weight: normal;\">Ein erfolgreicher Wandel beginnt mit einem durchdachten Stakeholdermanagement. Mitarbeitende, F\u00fchrungskr\u00e4fte und Partner fr\u00fchzeitig einzubeziehen, schafft Vertrauen und f\u00fchrt zu nachhaltigem Erfolg.<\/span><\/h5><div><span style=\"color: #ffffff; font-weight: normal;\"><br><\/span><\/div>\n<\/li>\n<li>\n<h5><span style=\"color: #ffffff;\"><b>Die Zeit des Abwartens ist vorbei \u2013 mit KI heute Prozesse vereinfachen, um morgen zu dominieren. <\/b><span style=\"font-weight: normal;\">KI kann Routineaufgaben \u00fcbernehmen und Mitarbeitende entlasten, doch es braucht eine fundierte Begleitung, um Unsicherheiten zu nehmen und das Potenzial f\u00fcr alle zug\u00e4nglich zu machen.<\/span><\/span><\/h5>\n<\/li>\n<\/ul>\t\t\t\t\t\t\t\t<\/div>\n\t\t\t\t<\/div>\n\t\t\t\t<\/div>\n\t\t\t\t<\/div>\n\t\t\t\t<\/div>","protected":false},"excerpt":{"rendered":"<p>AI CONSULTING Effizienter, schneller, erfolgreicher: Mit KI den entscheidenden Vorsprung sichern Die Integration von KI f\u00fchrt zu schnelleren Entscheidungen und effizienteren Prozessen, doch nur durch eine klare Begleitung wird dieser Fortschritt auch menschlich tragbar und langfristig wertvoll. &#8222; &#8222;Proof beats persuasion: Show that change works.&#8220; Change should be continuous, positioning your organization to adapt and [&hellip;]<\/p>\n","protected":false},"author":1,"featured_media":0,"parent":0,"menu_order":0,"comment_status":"closed","ping_status":"closed","template":"","meta":{"site-sidebar-layout":"no-sidebar","site-content-layout":"page-builder","ast-site-content-layout":"full-width-container","site-content-style":"default","site-sidebar-style":"default","ast-global-header-display":"","ast-banner-title-visibility":"","ast-main-header-display":"","ast-hfb-above-header-display":"","ast-hfb-below-header-display":"","ast-hfb-mobile-header-display":"","site-post-title":"disabled","ast-breadcrumbs-content":"","ast-featured-img":"disabled","footer-sml-layout":"","ast-disable-related-posts":"","theme-transparent-header-meta":"","adv-header-id-meta":"","stick-header-meta":"","header-above-stick-meta":"","header-main-stick-meta":"","header-below-stick-meta":"","astra-migrate-meta-layouts":"set","ast-page-background-enabled":"default","ast-page-background-meta":{"desktop":{"background-color":"","background-image":"","background-repeat":"repeat","background-position":"center center","background-size":"auto","background-attachment":"scroll","background-type":"","background-media":"","overlay-type":"","overlay-color":"","overlay-opacity":"","overlay-gradient":""},"tablet":{"background-color":"","background-image":"","background-repeat":"repeat","background-position":"center center","background-size":"auto","background-attachment":"scroll","background-type":"","background-media":"","overlay-type":"","overlay-color":"","overlay-opacity":"","overlay-gradient":""},"mobile":{"background-color":"","background-image":"","background-repeat":"repeat","background-position":"center center","background-size":"auto","background-attachment":"scroll","background-type":"","background-media":"","overlay-type":"","overlay-color":"","overlay-opacity":"","overlay-gradient":""}},"ast-content-background-meta":{"desktop":{"background-color":"var(--ast-global-color-5)","background-image":"","background-repeat":"repeat","background-position":"center center","background-size":"auto","background-attachment":"scroll","background-type":"","background-media":"","overlay-type":"","overlay-color":"","overlay-opacity":"","overlay-gradient":""},"tablet":{"background-color":"var(--ast-global-color-5)","background-image":"","background-repeat":"repeat","background-position":"center center","background-size":"auto","background-attachment":"scroll","background-type":"","background-media":"","overlay-type":"","overlay-color":"","overlay-opacity":"","overlay-gradient":""},"mobile":{"background-color":"var(--ast-global-color-5)","background-image":"","background-repeat":"repeat","background-position":"center center","background-size":"auto","background-attachment":"scroll","background-type":"","background-media":"","overlay-type":"","overlay-color":"","overlay-opacity":"","overlay-gradient":""}},"footnotes":""},"class_list":["post-1724","page","type-page","status-publish","hentry"],"_links":{"self":[{"href":"https:\/\/utopia-consult.com\/en\/wp-json\/wp\/v2\/pages\/1724","targetHints":{"allow":["GET"]}}],"collection":[{"href":"https:\/\/utopia-consult.com\/en\/wp-json\/wp\/v2\/pages"}],"about":[{"href":"https:\/\/utopia-consult.com\/en\/wp-json\/wp\/v2\/types\/page"}],"author":[{"embeddable":true,"href":"https:\/\/utopia-consult.com\/en\/wp-json\/wp\/v2\/users\/1"}],"replies":[{"embeddable":true,"href":"https:\/\/utopia-consult.com\/en\/wp-json\/wp\/v2\/comments?post=1724"}],"version-history":[{"count":205,"href":"https:\/\/utopia-consult.com\/en\/wp-json\/wp\/v2\/pages\/1724\/revisions"}],"predecessor-version":[{"id":2568,"href":"https:\/\/utopia-consult.com\/en\/wp-json\/wp\/v2\/pages\/1724\/revisions\/2568"}],"wp:attachment":[{"href":"https:\/\/utopia-consult.com\/en\/wp-json\/wp\/v2\/media?parent=1724"}],"curies":[{"name":"wp","href":"https:\/\/api.w.org\/{rel}","templated":true}]}}